{"id":17902,"date":"2025-06-20T12:20:10","date_gmt":"2025-06-20T10:20:10","guid":{"rendered":"https:\/\/www.participatesport.com\/?product=magnifico-james-harden-houston-rockets-adidas-womens-replica-jersey-red"},"modified":"2025-06-20T12:22:31","modified_gmt":"2025-06-20T10:22:31","slug":"magnifico-james-harden-houston-rockets-adidas-womens-replica-jersey-red","status":"publish","type":"product","link":"https:\/\/www.participatesport.com\/?product=magnifico-james-harden-houston-rockets-adidas-womens-replica-jersey-red","title":{"rendered":"Magn\u00edfico James Harden Houston Rockets adidas Women&#8217;s Replica Jersey Red"},"content":{"rendered":"<p>Fant\u00e1stico \u00danico James Harden Houston Rockets adidas Women&#8217;s Replica Jersey Red  para la gran final<\/p>\n<p>Adquiere esta camiseta especial para los amantes del deporte. Magn\u00edfico James Harden Houston Rockets adidas Women&#8217;s Replica Jersey Red. \u00a1No te la pierdas!<\/p>\n","protected":false},"excerpt":{"rendered":"<p>Fant\u00e1stico \u00danico James Harden Houston Rockets adidas Women&#8217;s Replica Jersey Red para la gran final Adquiere esta camiseta especial para los amantes del deporte. Magn\u00edfico James Harden Houston Rockets adidas Women&#8217;s Replica Jersey Red. \u00a1No te la pierdas!<\/p>\n","protected":false},"featured_media":17908,"comment_status":"open","ping_status":"open","template":"","meta":[],"product_brand":[],"product_cat":[103,187],"product_tag":[107],"class_list":{"0":"post-17902","1":"product","2":"type-product","3":"status-publish","4":"has-post-thumbnail","6":"product_cat-houston-rockets","7":"product_cat-women-houston-rockets","8":"product_tag-women","9":"pa_size-2xl","10":"pa_size-l","11":"pa_size-m","12":"pa_size-s","13":"pa_size-xl","15":"first","16":"instock","17":"sale","18":"purchasable","19":"product-type-variable"},"yoast_head":"<!-- This site is optimized with the Yoast SEO Premium plugin v25.3 (Yoast SEO v27.4) - https:\/\/yoast.com\/product\/yoast-seo-premium-wordpress\/ -->\n<title>Fant\u00e1stico \u00danico James Harden Houston Rockets adidas Women&#039;s Replica Jersey Red para la gran final<\/title>\n<meta name=\"description\" content=\"Adquiere esta camiseta especial para los amantes del deporte. Magn\u00edfico James Harden Houston Rockets adidas Women&#039;s Replica Jersey Red. \u00a1No te la pierdas!\" \/>\n<meta name=\"robots\" content=\"index, follow, max-snippet:-1, max-image-preview:large, max-video-preview:-1\" \/>\n<link rel=\"canonical\" href=\"https:\/\/www.participatesport.com\/?product=magnifico-james-harden-houston-rockets-adidas-womens-replica-jersey-red\" \/>\n<meta property=\"og:locale\" content=\"es_ES\" \/>\n<meta property=\"og:type\" content=\"article\" \/>\n<meta property=\"og:title\" content=\"Fant\u00e1stico \u00danico James Harden Houston Rockets adidas Women&#039;s Replica Jersey Red para la gran final\" \/>\n<meta property=\"og:description\" content=\"Adquiere esta camiseta especial para los amantes del deporte. Magn\u00edfico James Harden Houston Rockets adidas Women&#039;s Replica Jersey Red. \u00a1No te la pierdas!\" \/>\n<meta property=\"og:url\" content=\"https:\/\/www.participatesport.com\/?product=magnifico-james-harden-houston-rockets-adidas-womens-replica-jersey-red\" \/>\n<meta property=\"og:site_name\" content=\"camiseta barata de la NBA - Tienda online\" \/>\n<meta property=\"article:modified_time\" content=\"2025-06-20T10:22:31+00:00\" \/>\n<meta property=\"og:image\" content=\"https:\/\/www.participatesport.com\/wp-content\/uploads\/2025\/06\/f7a65b250cc9e29ad35a9ae6913e92c1_800x.jpeg\" \/>\n\t<meta property=\"og:image:width\" content=\"600\" \/>\n\t<meta property=\"og:image:height\" content=\"600\" \/>\n\t<meta property=\"og:image:type\" content=\"image\/webp\" \/>\n<meta name=\"twitter:card\" content=\"summary_large_image\" \/>\n<meta name=\"twitter:title\" content=\"Magn\u00edfico James Harden Houston Rockets adidas Women&#039;s Replica Jersey Red\" \/>\n<meta name=\"twitter:description\" content=\"Adquiere esta camiseta especial para los amantes del deporte. Magn\u00edfico James Harden Houston Rockets adidas Women&#039;s Replica Jersey Red. \u00a1No te la pierdas!\" \/>\n<script type=\"application\/ld+json\" class=\"yoast-schema-graph\">{\"@context\":\"https:\\\/\\\/schema.org\",\"@graph\":[{\"@type\":\"WebPage\",\"@id\":\"https:\\\/\\\/www.participatesport.com\\\/?product=magnifico-james-harden-houston-rockets-adidas-womens-replica-jersey-red\",\"url\":\"https:\\\/\\\/www.participatesport.com\\\/?product=magnifico-james-harden-houston-rockets-adidas-womens-replica-jersey-red\",\"name\":\"Fant\u00e1stico \u00danico James Harden Houston Rockets adidas Women's Replica Jersey Red para la gran final\",\"isPartOf\":{\"@id\":\"https:\\\/\\\/www.participatesport.com\\\/#website\"},\"primaryImageOfPage\":{\"@id\":\"https:\\\/\\\/www.participatesport.com\\\/?product=magnifico-james-harden-houston-rockets-adidas-womens-replica-jersey-red#primaryimage\"},\"image\":{\"@id\":\"https:\\\/\\\/www.participatesport.com\\\/?product=magnifico-james-harden-houston-rockets-adidas-womens-replica-jersey-red#primaryimage\"},\"thumbnailUrl\":\"https:\\\/\\\/www.participatesport.com\\\/wp-content\\\/uploads\\\/2025\\\/06\\\/f7a65b250cc9e29ad35a9ae6913e92c1_800x.jpeg\",\"datePublished\":\"2025-06-20T10:20:10+00:00\",\"dateModified\":\"2025-06-20T10:22:31+00:00\",\"description\":\"Adquiere esta camiseta especial para los amantes del deporte. Magn\u00edfico James Harden Houston Rockets adidas Women's Replica Jersey Red. \u00a1No te la pierdas!\",\"breadcrumb\":{\"@id\":\"https:\\\/\\\/www.participatesport.com\\\/?product=magnifico-james-harden-houston-rockets-adidas-womens-replica-jersey-red#breadcrumb\"},\"inLanguage\":\"es\",\"potentialAction\":[{\"@type\":\"ReadAction\",\"target\":[\"https:\\\/\\\/www.participatesport.com\\\/?product=magnifico-james-harden-houston-rockets-adidas-womens-replica-jersey-red\"]}]},{\"@type\":\"ImageObject\",\"inLanguage\":\"es\",\"@id\":\"https:\\\/\\\/www.participatesport.com\\\/?product=magnifico-james-harden-houston-rockets-adidas-womens-replica-jersey-red#primaryimage\",\"url\":\"https:\\\/\\\/www.participatesport.com\\\/wp-content\\\/uploads\\\/2025\\\/06\\\/f7a65b250cc9e29ad35a9ae6913e92c1_800x.jpeg\",\"contentUrl\":\"https:\\\/\\\/www.participatesport.com\\\/wp-content\\\/uploads\\\/2025\\\/06\\\/f7a65b250cc9e29ad35a9ae6913e92c1_800x.jpeg\",\"width\":600,\"height\":600},{\"@type\":\"BreadcrumbList\",\"@id\":\"https:\\\/\\\/www.participatesport.com\\\/?product=magnifico-james-harden-houston-rockets-adidas-womens-replica-jersey-red#breadcrumb\",\"itemListElement\":[{\"@type\":\"ListItem\",\"position\":1,\"name\":\"home\",\"item\":\"https:\\\/\\\/www.participatesport.com\\\/\"},{\"@type\":\"ListItem\",\"position\":2,\"name\":\"Shop\",\"item\":\"https:\\\/\\\/www.participatesport.com\\\/?page_id=10\"},{\"@type\":\"ListItem\",\"position\":3,\"name\":\"Magn\u00edfico James Harden Houston Rockets adidas Women&#8217;s Replica Jersey Red\"}]},{\"@type\":\"WebSite\",\"@id\":\"https:\\\/\\\/www.participatesport.com\\\/#website\",\"url\":\"https:\\\/\\\/www.participatesport.com\\\/\",\"name\":\"Cheap jersey - Online Shop\",\"description\":\"camiseta barata de la NBA\",\"potentialAction\":[{\"@type\":\"SearchAction\",\"target\":{\"@type\":\"EntryPoint\",\"urlTemplate\":\"https:\\\/\\\/www.participatesport.com\\\/?s={search_term_string}\"},\"query-input\":{\"@type\":\"PropertyValueSpecification\",\"valueRequired\":true,\"valueName\":\"search_term_string\"}}],\"inLanguage\":\"es\"}]}<\/script>\n<!-- \/ Yoast SEO Premium plugin. -->","yoast_head_json":{"title":"Fant\u00e1stico \u00danico James Harden Houston Rockets adidas Women's Replica Jersey Red para la gran final","description":"Adquiere esta camiseta especial para los amantes del deporte. Magn\u00edfico James Harden Houston Rockets adidas Women's Replica Jersey Red. \u00a1No te la pierdas!","robots":{"index":"index","follow":"follow","max-snippet":"max-snippet:-1","max-image-preview":"max-image-preview:large","max-video-preview":"max-video-preview:-1"},"canonical":"https:\/\/www.participatesport.com\/?product=magnifico-james-harden-houston-rockets-adidas-womens-replica-jersey-red","og_locale":"es_ES","og_type":"article","og_title":"Fant\u00e1stico \u00danico James Harden Houston Rockets adidas Women's Replica Jersey Red para la gran final","og_description":"Adquiere esta camiseta especial para los amantes del deporte. Magn\u00edfico James Harden Houston Rockets adidas Women's Replica Jersey Red. \u00a1No te la pierdas!","og_url":"https:\/\/www.participatesport.com\/?product=magnifico-james-harden-houston-rockets-adidas-womens-replica-jersey-red","og_site_name":"camiseta barata de la NBA - Tienda online","article_modified_time":"2025-06-20T10:22:31+00:00","og_image":[{"width":600,"height":600,"url":"https:\/\/www.participatesport.com\/wp-content\/uploads\/2025\/06\/f7a65b250cc9e29ad35a9ae6913e92c1_800x.jpeg","type":"image\/webp"}],"twitter_card":"summary_large_image","twitter_title":"Magn\u00edfico James Harden Houston Rockets adidas Women's Replica Jersey Red","twitter_description":"Adquiere esta camiseta especial para los amantes del deporte. Magn\u00edfico James Harden Houston Rockets adidas Women's Replica Jersey Red. \u00a1No te la pierdas!","schema":{"@context":"https:\/\/schema.org","@graph":[{"@type":"WebPage","@id":"https:\/\/www.participatesport.com\/?product=magnifico-james-harden-houston-rockets-adidas-womens-replica-jersey-red","url":"https:\/\/www.participatesport.com\/?product=magnifico-james-harden-houston-rockets-adidas-womens-replica-jersey-red","name":"Fant\u00e1stico \u00danico James Harden Houston Rockets adidas Women's Replica Jersey Red para la gran final","isPartOf":{"@id":"https:\/\/www.participatesport.com\/#website"},"primaryImageOfPage":{"@id":"https:\/\/www.participatesport.com\/?product=magnifico-james-harden-houston-rockets-adidas-womens-replica-jersey-red#primaryimage"},"image":{"@id":"https:\/\/www.participatesport.com\/?product=magnifico-james-harden-houston-rockets-adidas-womens-replica-jersey-red#primaryimage"},"thumbnailUrl":"https:\/\/www.participatesport.com\/wp-content\/uploads\/2025\/06\/f7a65b250cc9e29ad35a9ae6913e92c1_800x.jpeg","datePublished":"2025-06-20T10:20:10+00:00","dateModified":"2025-06-20T10:22:31+00:00","description":"Adquiere esta camiseta especial para los amantes del deporte. Magn\u00edfico James Harden Houston Rockets adidas Women's Replica Jersey Red. \u00a1No te la pierdas!","breadcrumb":{"@id":"https:\/\/www.participatesport.com\/?product=magnifico-james-harden-houston-rockets-adidas-womens-replica-jersey-red#breadcrumb"},"inLanguage":"es","potentialAction":[{"@type":"ReadAction","target":["https:\/\/www.participatesport.com\/?product=magnifico-james-harden-houston-rockets-adidas-womens-replica-jersey-red"]}]},{"@type":"ImageObject","inLanguage":"es","@id":"https:\/\/www.participatesport.com\/?product=magnifico-james-harden-houston-rockets-adidas-womens-replica-jersey-red#primaryimage","url":"https:\/\/www.participatesport.com\/wp-content\/uploads\/2025\/06\/f7a65b250cc9e29ad35a9ae6913e92c1_800x.jpeg","contentUrl":"https:\/\/www.participatesport.com\/wp-content\/uploads\/2025\/06\/f7a65b250cc9e29ad35a9ae6913e92c1_800x.jpeg","width":600,"height":600},{"@type":"BreadcrumbList","@id":"https:\/\/www.participatesport.com\/?product=magnifico-james-harden-houston-rockets-adidas-womens-replica-jersey-red#breadcrumb","itemListElement":[{"@type":"ListItem","position":1,"name":"home","item":"https:\/\/www.participatesport.com\/"},{"@type":"ListItem","position":2,"name":"Shop","item":"https:\/\/www.participatesport.com\/?page_id=10"},{"@type":"ListItem","position":3,"name":"Magn\u00edfico James Harden Houston Rockets adidas Women&#8217;s Replica Jersey Red"}]},{"@type":"WebSite","@id":"https:\/\/www.participatesport.com\/#website","url":"https:\/\/www.participatesport.com\/","name":"Cheap jersey - Online Shop","description":"camiseta barata de la NBA","potentialAction":[{"@type":"SearchAction","target":{"@type":"EntryPoint","urlTemplate":"https:\/\/www.participatesport.com\/?s={search_term_string}"},"query-input":{"@type":"PropertyValueSpecification","valueRequired":true,"valueName":"search_term_string"}}],"inLanguage":"es"}]}},"_links":{"self":[{"href":"https:\/\/www.participatesport.com\/index.php?rest_route=\/wp\/v2\/product\/17902","targetHints":{"allow":["GET"]}}],"collection":[{"href":"https:\/\/www.participatesport.com\/index.php?rest_route=\/wp\/v2\/product"}],"about":[{"href":"https:\/\/www.participatesport.com\/index.php?rest_route=\/wp\/v2\/types\/product"}],"replies":[{"embeddable":true,"href":"https:\/\/www.participatesport.com\/index.php?rest_route=%2Fwp%2Fv2%2Fcomments&post=17902"}],"wp:featuredmedia":[{"embeddable":true,"href":"https:\/\/www.participatesport.com\/index.php?rest_route=\/wp\/v2\/media\/17908"}],"wp:attachment":[{"href":"https:\/\/www.participatesport.com\/index.php?rest_route=%2Fwp%2Fv2%2Fmedia&parent=17902"}],"wp:term":[{"taxonomy":"product_brand","embeddable":true,"href":"https:\/\/www.participatesport.com\/index.php?rest_route=%2Fwp%2Fv2%2Fproduct_brand&post=17902"},{"taxonomy":"product_cat","embeddable":true,"href":"https:\/\/www.participatesport.com\/index.php?rest_route=%2Fwp%2Fv2%2Fproduct_cat&post=17902"},{"taxonomy":"product_tag","embeddable":true,"href":"https:\/\/www.participatesport.com\/index.php?rest_route=%2Fwp%2Fv2%2Fproduct_tag&post=17902"}],"curies":[{"name":"wp","href":"https:\/\/api.w.org\/{rel}","templated":true}]}}