{"id":17808,"date":"2025-06-20T12:14:42","date_gmt":"2025-06-20T10:14:42","guid":{"rendered":"https:\/\/www.participatesport.com\/?product=increible-jrue-holiday-new-orleans-pelicans-nike-swingman-jersey-navy"},"modified":"2025-06-20T12:17:16","modified_gmt":"2025-06-20T10:17:16","slug":"increible-jrue-holiday-new-orleans-pelicans-nike-swingman-jersey-navy","status":"publish","type":"product","link":"https:\/\/www.participatesport.com\/?product=increible-jrue-holiday-new-orleans-pelicans-nike-swingman-jersey-navy","title":{"rendered":"Incre\u00edble Jrue Holiday New Orleans Pelicans Nike Swingman Jersey Navy"},"content":{"rendered":"<p>Moderno Elegante Jrue Holiday New Orleans Pelicans Nike Swingman Jersey Navy  para la gran final<\/p>\n<p>Consigue la camiseta que har\u00e1 que te destaque. Incre\u00edble Jrue Holiday New Orleans Pelicans Nike Swingman Jersey Navy. \u00a1No te la pierdas!<\/p>\n","protected":false},"excerpt":{"rendered":"<p>Moderno Elegante Jrue Holiday New Orleans Pelicans Nike Swingman Jersey Navy para la gran final Consigue la camiseta que har\u00e1 que te destaque. Incre\u00edble Jrue Holiday New Orleans Pelicans Nike Swingman Jersey Navy. \u00a1No te la pierdas!<\/p>\n","protected":false},"featured_media":17815,"comment_status":"open","ping_status":"open","template":"","meta":[],"product_brand":[],"product_cat":[110,79],"product_tag":[78],"class_list":{"0":"post-17808","1":"product","2":"type-product","3":"status-publish","4":"has-post-thumbnail","6":"product_cat-jersey-new-orleans-pelicans","7":"product_cat-new-orleans-pelicans","8":"product_tag-jersey","9":"pa_size-2xl","10":"pa_size-3xl","11":"pa_size-l","12":"pa_size-m","13":"pa_size-s","14":"pa_size-xl","16":"first","17":"instock","18":"sale","19":"purchasable","20":"product-type-variable"},"yoast_head":"<!-- This site is optimized with the Yoast SEO Premium plugin v25.3 (Yoast SEO v27.4) - https:\/\/yoast.com\/product\/yoast-seo-premium-wordpress\/ -->\n<title>Moderno Elegante Jrue Holiday New Orleans Pelicans Nike Swingman Jersey Navy para la gran final<\/title>\n<meta name=\"description\" content=\"Consigue la camiseta que har\u00e1 que te destaque. Incre\u00edble Jrue Holiday New Orleans Pelicans Nike Swingman Jersey Navy. \u00a1No te la pierdas!\" \/>\n<meta name=\"robots\" content=\"index, follow, max-snippet:-1, max-image-preview:large, max-video-preview:-1\" \/>\n<link rel=\"canonical\" href=\"https:\/\/www.participatesport.com\/?product=increible-jrue-holiday-new-orleans-pelicans-nike-swingman-jersey-navy\" \/>\n<meta property=\"og:locale\" content=\"es_ES\" \/>\n<meta property=\"og:type\" content=\"article\" \/>\n<meta property=\"og:title\" content=\"Moderno Elegante Jrue Holiday New Orleans Pelicans Nike Swingman Jersey Navy para la gran final\" \/>\n<meta property=\"og:description\" content=\"Consigue la camiseta que har\u00e1 que te destaque. Incre\u00edble Jrue Holiday New Orleans Pelicans Nike Swingman Jersey Navy. \u00a1No te la pierdas!\" \/>\n<meta property=\"og:url\" content=\"https:\/\/www.participatesport.com\/?product=increible-jrue-holiday-new-orleans-pelicans-nike-swingman-jersey-navy\" \/>\n<meta property=\"og:site_name\" content=\"camiseta barata de la NBA - Tienda online\" \/>\n<meta property=\"article:modified_time\" content=\"2025-06-20T10:17:16+00:00\" \/>\n<meta property=\"og:image\" content=\"https:\/\/www.participatesport.com\/wp-content\/uploads\/2025\/06\/6faee54398506f963e59c3526add7aa5_800x.jpeg\" \/>\n\t<meta property=\"og:image:width\" content=\"600\" \/>\n\t<meta property=\"og:image:height\" content=\"600\" \/>\n\t<meta property=\"og:image:type\" content=\"image\/webp\" \/>\n<meta name=\"twitter:card\" content=\"summary_large_image\" \/>\n<meta name=\"twitter:title\" content=\"Incre\u00edble Jrue Holiday New Orleans Pelicans Nike Swingman Jersey Navy\" \/>\n<meta name=\"twitter:description\" content=\"Consigue la camiseta que har\u00e1 que te destaque. Incre\u00edble Jrue Holiday New Orleans Pelicans Nike Swingman Jersey Navy. \u00a1No te la pierdas!\" \/>\n<script type=\"application\/ld+json\" class=\"yoast-schema-graph\">{\"@context\":\"https:\\\/\\\/schema.org\",\"@graph\":[{\"@type\":\"WebPage\",\"@id\":\"https:\\\/\\\/www.participatesport.com\\\/?product=increible-jrue-holiday-new-orleans-pelicans-nike-swingman-jersey-navy\",\"url\":\"https:\\\/\\\/www.participatesport.com\\\/?product=increible-jrue-holiday-new-orleans-pelicans-nike-swingman-jersey-navy\",\"name\":\"Moderno Elegante Jrue Holiday New Orleans Pelicans Nike Swingman Jersey Navy para la gran final\",\"isPartOf\":{\"@id\":\"https:\\\/\\\/www.participatesport.com\\\/#website\"},\"primaryImageOfPage\":{\"@id\":\"https:\\\/\\\/www.participatesport.com\\\/?product=increible-jrue-holiday-new-orleans-pelicans-nike-swingman-jersey-navy#primaryimage\"},\"image\":{\"@id\":\"https:\\\/\\\/www.participatesport.com\\\/?product=increible-jrue-holiday-new-orleans-pelicans-nike-swingman-jersey-navy#primaryimage\"},\"thumbnailUrl\":\"https:\\\/\\\/www.participatesport.com\\\/wp-content\\\/uploads\\\/2025\\\/06\\\/6faee54398506f963e59c3526add7aa5_800x.jpeg\",\"datePublished\":\"2025-06-20T10:14:42+00:00\",\"dateModified\":\"2025-06-20T10:17:16+00:00\",\"description\":\"Consigue la camiseta que har\u00e1 que te destaque. Incre\u00edble Jrue Holiday New Orleans Pelicans Nike Swingman Jersey Navy. \u00a1No te la pierdas!\",\"breadcrumb\":{\"@id\":\"https:\\\/\\\/www.participatesport.com\\\/?product=increible-jrue-holiday-new-orleans-pelicans-nike-swingman-jersey-navy#breadcrumb\"},\"inLanguage\":\"es\",\"potentialAction\":[{\"@type\":\"ReadAction\",\"target\":[\"https:\\\/\\\/www.participatesport.com\\\/?product=increible-jrue-holiday-new-orleans-pelicans-nike-swingman-jersey-navy\"]}]},{\"@type\":\"ImageObject\",\"inLanguage\":\"es\",\"@id\":\"https:\\\/\\\/www.participatesport.com\\\/?product=increible-jrue-holiday-new-orleans-pelicans-nike-swingman-jersey-navy#primaryimage\",\"url\":\"https:\\\/\\\/www.participatesport.com\\\/wp-content\\\/uploads\\\/2025\\\/06\\\/6faee54398506f963e59c3526add7aa5_800x.jpeg\",\"contentUrl\":\"https:\\\/\\\/www.participatesport.com\\\/wp-content\\\/uploads\\\/2025\\\/06\\\/6faee54398506f963e59c3526add7aa5_800x.jpeg\",\"width\":600,\"height\":600},{\"@type\":\"BreadcrumbList\",\"@id\":\"https:\\\/\\\/www.participatesport.com\\\/?product=increible-jrue-holiday-new-orleans-pelicans-nike-swingman-jersey-navy#breadcrumb\",\"itemListElement\":[{\"@type\":\"ListItem\",\"position\":1,\"name\":\"home\",\"item\":\"https:\\\/\\\/www.participatesport.com\\\/\"},{\"@type\":\"ListItem\",\"position\":2,\"name\":\"Shop\",\"item\":\"https:\\\/\\\/www.participatesport.com\\\/?page_id=10\"},{\"@type\":\"ListItem\",\"position\":3,\"name\":\"Incre\u00edble Jrue Holiday New Orleans Pelicans Nike Swingman Jersey Navy\"}]},{\"@type\":\"WebSite\",\"@id\":\"https:\\\/\\\/www.participatesport.com\\\/#website\",\"url\":\"https:\\\/\\\/www.participatesport.com\\\/\",\"name\":\"Cheap jersey - Online Shop\",\"description\":\"camiseta barata de la NBA\",\"potentialAction\":[{\"@type\":\"SearchAction\",\"target\":{\"@type\":\"EntryPoint\",\"urlTemplate\":\"https:\\\/\\\/www.participatesport.com\\\/?s={search_term_string}\"},\"query-input\":{\"@type\":\"PropertyValueSpecification\",\"valueRequired\":true,\"valueName\":\"search_term_string\"}}],\"inLanguage\":\"es\"}]}<\/script>\n<!-- \/ Yoast SEO Premium plugin. -->","yoast_head_json":{"title":"Moderno Elegante Jrue Holiday New Orleans Pelicans Nike Swingman Jersey Navy para la gran final","description":"Consigue la camiseta que har\u00e1 que te destaque. Incre\u00edble Jrue Holiday New Orleans Pelicans Nike Swingman Jersey Navy. \u00a1No te la pierdas!","robots":{"index":"index","follow":"follow","max-snippet":"max-snippet:-1","max-image-preview":"max-image-preview:large","max-video-preview":"max-video-preview:-1"},"canonical":"https:\/\/www.participatesport.com\/?product=increible-jrue-holiday-new-orleans-pelicans-nike-swingman-jersey-navy","og_locale":"es_ES","og_type":"article","og_title":"Moderno Elegante Jrue Holiday New Orleans Pelicans Nike Swingman Jersey Navy para la gran final","og_description":"Consigue la camiseta que har\u00e1 que te destaque. Incre\u00edble Jrue Holiday New Orleans Pelicans Nike Swingman Jersey Navy. \u00a1No te la pierdas!","og_url":"https:\/\/www.participatesport.com\/?product=increible-jrue-holiday-new-orleans-pelicans-nike-swingman-jersey-navy","og_site_name":"camiseta barata de la NBA - Tienda online","article_modified_time":"2025-06-20T10:17:16+00:00","og_image":[{"width":600,"height":600,"url":"https:\/\/www.participatesport.com\/wp-content\/uploads\/2025\/06\/6faee54398506f963e59c3526add7aa5_800x.jpeg","type":"image\/webp"}],"twitter_card":"summary_large_image","twitter_title":"Incre\u00edble Jrue Holiday New Orleans Pelicans Nike Swingman Jersey Navy","twitter_description":"Consigue la camiseta que har\u00e1 que te destaque. Incre\u00edble Jrue Holiday New Orleans Pelicans Nike Swingman Jersey Navy. \u00a1No te la pierdas!","schema":{"@context":"https:\/\/schema.org","@graph":[{"@type":"WebPage","@id":"https:\/\/www.participatesport.com\/?product=increible-jrue-holiday-new-orleans-pelicans-nike-swingman-jersey-navy","url":"https:\/\/www.participatesport.com\/?product=increible-jrue-holiday-new-orleans-pelicans-nike-swingman-jersey-navy","name":"Moderno Elegante Jrue Holiday New Orleans Pelicans Nike Swingman Jersey Navy para la gran final","isPartOf":{"@id":"https:\/\/www.participatesport.com\/#website"},"primaryImageOfPage":{"@id":"https:\/\/www.participatesport.com\/?product=increible-jrue-holiday-new-orleans-pelicans-nike-swingman-jersey-navy#primaryimage"},"image":{"@id":"https:\/\/www.participatesport.com\/?product=increible-jrue-holiday-new-orleans-pelicans-nike-swingman-jersey-navy#primaryimage"},"thumbnailUrl":"https:\/\/www.participatesport.com\/wp-content\/uploads\/2025\/06\/6faee54398506f963e59c3526add7aa5_800x.jpeg","datePublished":"2025-06-20T10:14:42+00:00","dateModified":"2025-06-20T10:17:16+00:00","description":"Consigue la camiseta que har\u00e1 que te destaque. Incre\u00edble Jrue Holiday New Orleans Pelicans Nike Swingman Jersey Navy. \u00a1No te la pierdas!","breadcrumb":{"@id":"https:\/\/www.participatesport.com\/?product=increible-jrue-holiday-new-orleans-pelicans-nike-swingman-jersey-navy#breadcrumb"},"inLanguage":"es","potentialAction":[{"@type":"ReadAction","target":["https:\/\/www.participatesport.com\/?product=increible-jrue-holiday-new-orleans-pelicans-nike-swingman-jersey-navy"]}]},{"@type":"ImageObject","inLanguage":"es","@id":"https:\/\/www.participatesport.com\/?product=increible-jrue-holiday-new-orleans-pelicans-nike-swingman-jersey-navy#primaryimage","url":"https:\/\/www.participatesport.com\/wp-content\/uploads\/2025\/06\/6faee54398506f963e59c3526add7aa5_800x.jpeg","contentUrl":"https:\/\/www.participatesport.com\/wp-content\/uploads\/2025\/06\/6faee54398506f963e59c3526add7aa5_800x.jpeg","width":600,"height":600},{"@type":"BreadcrumbList","@id":"https:\/\/www.participatesport.com\/?product=increible-jrue-holiday-new-orleans-pelicans-nike-swingman-jersey-navy#breadcrumb","itemListElement":[{"@type":"ListItem","position":1,"name":"home","item":"https:\/\/www.participatesport.com\/"},{"@type":"ListItem","position":2,"name":"Shop","item":"https:\/\/www.participatesport.com\/?page_id=10"},{"@type":"ListItem","position":3,"name":"Incre\u00edble Jrue Holiday New Orleans Pelicans Nike Swingman Jersey Navy"}]},{"@type":"WebSite","@id":"https:\/\/www.participatesport.com\/#website","url":"https:\/\/www.participatesport.com\/","name":"Cheap jersey - Online Shop","description":"camiseta barata de la NBA","potentialAction":[{"@type":"SearchAction","target":{"@type":"EntryPoint","urlTemplate":"https:\/\/www.participatesport.com\/?s={search_term_string}"},"query-input":{"@type":"PropertyValueSpecification","valueRequired":true,"valueName":"search_term_string"}}],"inLanguage":"es"}]}},"_links":{"self":[{"href":"https:\/\/www.participatesport.com\/index.php?rest_route=\/wp\/v2\/product\/17808","targetHints":{"allow":["GET"]}}],"collection":[{"href":"https:\/\/www.participatesport.com\/index.php?rest_route=\/wp\/v2\/product"}],"about":[{"href":"https:\/\/www.participatesport.com\/index.php?rest_route=\/wp\/v2\/types\/product"}],"replies":[{"embeddable":true,"href":"https:\/\/www.participatesport.com\/index.php?rest_route=%2Fwp%2Fv2%2Fcomments&post=17808"}],"wp:featuredmedia":[{"embeddable":true,"href":"https:\/\/www.participatesport.com\/index.php?rest_route=\/wp\/v2\/media\/17815"}],"wp:attachment":[{"href":"https:\/\/www.participatesport.com\/index.php?rest_route=%2Fwp%2Fv2%2Fmedia&parent=17808"}],"wp:term":[{"taxonomy":"product_brand","embeddable":true,"href":"https:\/\/www.participatesport.com\/index.php?rest_route=%2Fwp%2Fv2%2Fproduct_brand&post=17808"},{"taxonomy":"product_cat","embeddable":true,"href":"https:\/\/www.participatesport.com\/index.php?rest_route=%2Fwp%2Fv2%2Fproduct_cat&post=17808"},{"taxonomy":"product_tag","embeddable":true,"href":"https:\/\/www.participatesport.com\/index.php?rest_route=%2Fwp%2Fv2%2Fproduct_tag&post=17808"}],"curies":[{"name":"wp","href":"https:\/\/api.w.org\/{rel}","templated":true}]}}